{"id":59,"date":"2011-03-21T13:12:43","date_gmt":"2011-03-21T13:12:43","guid":{"rendered":"http:\/\/www.trockeneis-tscherpel.de\/wordpress\/?page_id=59"},"modified":"2011-04-05T08:43:00","modified_gmt":"2011-04-05T08:43:00","slug":"uber-frank-tscherpel","status":"publish","type":"page","link":"https:\/\/www.trockeneis-tscherpel.de\/wordpress\/?page_id=59","title":{"rendered":"\u00dcber Frank Tscherpel"},"content":{"rendered":"<p>Ich habe f\u00fcr mich die Trockeneistechnik entdeckt.<br \/>\nMich fasziniert, wie schnell und einfach man kleinste Maschinenteilchen reinigen kann. Betonen m\u00f6chte ich, das Bauteile nicht zerlegt werden m\u00fcssen! Das reinigende Trockeneis &#8222;flie\u00dft&#8220; in jede Ritze.<\/p>\n<p>Weiterhin gibt es das Nanoverfahren. Oberfl\u00e4chen werden versiegelt, so dass Schmutz und Wasser vom Untergrund abperlen.\u00a0Ich garantiere Ihnen, dass eine versiegelte Scheibe anm Ihrem Pkw\u00a0sehr, sehr lange\u00a0sauber bleibt<\/p>\n<p>Ich freue mich auf Ihren Auftrag. Ob im Bereich Trockeneisstrahlen oder Nanoversiegelung.<br \/>\nRufen Sie mich an. Telefon: 0162-9233853<br \/>\n&#8230;&#8230;&#8230;&#8230;&#8230;&#8230;&#8230;&#8230;&#8230;&#8230;&#8230;&#8230;&#8230;&#8230;&#8230;&#8230;&#8230;&#8230;&#8230;&#8230;&#8230;..<br \/>\nTrockeneisstrahlen und Dienstleistungen<\/p>\n<p>Frank Tscherpel<br \/>\nKaufungerstr. 3<br \/>\n09212 Limbach-Oberfrohna<br \/>\n&#8230;&#8230;&#8230;&#8230;&#8230;&#8230;&#8230;&#8230;&#8230;&#8230;&#8230;&#8230;&#8230;&#8230;&#8230;&#8230;&#8230;&#8230;&#8230;&#8230;&#8230;..<\/p>\n<p>Tel.: 01 62 &#8211; 92 33 853<br \/>\ninfo@trockeneis-tscherpel.de<br \/>\nwww.trockeneis-tscherpel.de<\/p>\n","protected":false},"excerpt":{"rendered":"<p>Ich habe f\u00fcr mich die Trockeneistechnik entdeckt. Mich fasziniert, wie schnell und einfach man kleinste Maschinenteilchen reinigen kann. Betonen m\u00f6chte ich, das Bauteile nicht zerlegt werden m\u00fcssen! Das reinigende Trockeneis &#8222;flie\u00dft&#8220; in jede Ritze. Weiterhin gibt es das Nanoverfahren. Oberfl\u00e4chen &hellip; <a href=\"https:\/\/www.trockeneis-tscherpel.de\/wordpress\/?page_id=59\">Continue reading <span class=\"meta-nav\">&rarr;<\/span><\/a><\/p>\n","protected":false},"author":1,"featured_media":0,"parent":0,"menu_order":0,"comment_status":"open","ping_status":"open","template":"","meta":[],"_links":{"self":[{"href":"https:\/\/www.trockeneis-tscherpel.de\/wordpress\/index.php?rest_route=\/wp\/v2\/pages\/59"}],"collection":[{"href":"https:\/\/www.trockeneis-tscherpel.de\/wordpress\/index.php?rest_route=\/wp\/v2\/pages"}],"about":[{"href":"https:\/\/www.trockeneis-tscherpel.de\/wordpress\/index.php?rest_route=\/wp\/v2\/types\/page"}],"author":[{"embeddable":true,"href":"https:\/\/www.trockeneis-tscherpel.de\/wordpress\/index.php?rest_route=\/wp\/v2\/users\/1"}],"replies":[{"embeddable":true,"href":"https:\/\/www.trockeneis-tscherpel.de\/wordpress\/index.php?rest_route=%2Fwp%2Fv2%2Fcomments&post=59"}],"version-history":[{"count":3,"href":"https:\/\/www.trockeneis-tscherpel.de\/wordpress\/index.php?rest_route=\/wp\/v2\/pages\/59\/revisions"}],"predecessor-version":[{"id":69,"href":"https:\/\/www.trockeneis-tscherpel.de\/wordpress\/index.php?rest_route=\/wp\/v2\/pages\/59\/revisions\/69"}],"wp:attachment":[{"href":"https:\/\/www.trockeneis-tscherpel.de\/wordpress\/index.php?rest_route=%2Fwp%2Fv2%2Fmedia&parent=59"}],"curies":[{"name":"wp","href":"https:\/\/api.w.org\/{rel}","templated":true}]}}